{"id":10,"date":"2023-02-08T17:33:41","date_gmt":"2023-02-08T17:33:41","guid":{"rendered":"http:\/\/farsur.com\/?page_id=10"},"modified":"2026-04-09T00:38:32","modified_gmt":"2026-04-09T00:38:32","slug":"inicio","status":"publish","type":"page","link":"https:\/\/farsur.com\/","title":{"rendered":"INICIO"},"content":{"rendered":"<p>[et_pb_section fb_built=\u00bb1&#8243; fullwidth=\u00bbon\u00bb _builder_version=\u00bb4.19.1&#8243; _module_preset=\u00bbdefault\u00bb min_height_tablet=\u00bb\u00bb min_height_phone=\u00bb480px\u00bb min_height_last_edited=\u00bbon|phone\u00bb da_disable_devices=\u00bboff|off|off\u00bb global_colors_info=\u00bb{}\u00bb da_is_popup=\u00bboff\u00bb da_exit_intent=\u00bboff\u00bb da_has_close=\u00bbon\u00bb da_alt_close=\u00bboff\u00bb da_dark_close=\u00bboff\u00bb da_not_modal=\u00bbon\u00bb da_is_singular=\u00bboff\u00bb da_with_loader=\u00bboff\u00bb da_has_shadow=\u00bbon\u00bb][et_pb_fullwidth_slider use_bg_overlay=\u00bboff\u00bb use_text_overlay=\u00bboff\u00bb arrows_custom_color=\u00bb#FFFFFF\u00bb dot_nav_custom_color=\u00bb#FFFFFF\u00bb show_arrows_tablet=\u00bb\u00bb show_arrows_phone=\u00bboff\u00bb show_arrows_last_edited=\u00bbon|phone\u00bb show_pagination_tablet=\u00bb\u00bb show_pagination_phone=\u00bb\u00bb show_pagination_last_edited=\u00bbon|desktop\u00bb module_class=\u00bbfree-slider-2&#8243; _builder_version=\u00bb4.19.5&#8243; _module_preset=\u00bbdefault\u00bb header_font=\u00bbQuicksand||||||||\u00bb body_font=\u00bbQuicksand||||||||\u00bb background_color=\u00bb#FFFFFF\u00bb min_height_last_edited=\u00bboff|desktop\u00bb height=\u00bb800px\u00bb height_tablet=\u00bb420px\u00bb height_phone=\u00bb250px\u00bb height_last_edited=\u00bbon|tablet\u00bb custom_padding=\u00bb100px||100px||true|false\u00bb custom_padding_tablet=\u00bb30px||30px||true|false\u00bb custom_padding_phone=\u00bb30px||30px||true|false\u00bb custom_padding_last_edited=\u00bbon|desktop\u00bb auto=\u00bbon\u00bb auto_ignore_hover=\u00bbon\u00bb custom_css_slide_image=\u00bbanimation: none !important;\u00bb custom_css_slide_arrows=\u00bbfont-family: &#8216;Quicksand&#8217; !important;\u00bb locked=\u00bboff\u00bb global_colors_info=\u00bb{}\u00bb][et_pb_slide use_bg_overlay=\u00bbon\u00bb bg_overlay_color=\u00bbrgba(0,0,0,0.7)\u00bb content_last_edited=\u00bboff|desktop\u00bb _builder_version=\u00bb4.27.5&#8243; _module_preset=\u00bbdefault\u00bb header_font=\u00bbAnton||||||||\u00bb header_text_color=\u00bb#E09900&#8243; header_font_size=\u00bb70px\u00bb body_font=\u00bbAnton|700|||||||\u00bb body_font_size=\u00bb48px\u00bb body_line_height=\u00bb1.4em\u00bb background_enable_color=\u00bboff\u00bb background_color_gradient_start=\u00bbrgba(43,135,218,0.34)\u00bb background_color_gradient_end=\u00bbrgba(41,196,169,0.43)\u00bb background_image=\u00bbhttp:\/\/farsur.com\/wp-content\/uploads\/2023\/02\/fs__slide001.webp\u00bb background_enable_image=\u00bbon\u00bb parallax=\u00bbon\u00bb parallax_method=\u00bboff\u00bb text_orientation=\u00bbleft\u00bb locked=\u00bboff\u00bb global_colors_info=\u00bb{}\u00bb sticky_transition=\u00bbon\u00bb][\/et_pb_slide][et_pb_slide use_bg_overlay=\u00bbon\u00bb bg_overlay_color=\u00bbrgba(0,0,0,0.7)\u00bb content_last_edited=\u00bboff|desktop\u00bb _builder_version=\u00bb4.27.5&#8243; _module_preset=\u00bbdefault\u00bb header_font=\u00bbAnton||||||||\u00bb header_text_color=\u00bb#E09900&#8243; header_font_size=\u00bb70px\u00bb background_enable_color=\u00bboff\u00bb background_image=\u00bbhttp:\/\/farsur.com\/wp-content\/uploads\/2023\/02\/fs__slide002.webp\u00bb background_enable_image=\u00bbon\u00bb parallax=\u00bbon\u00bb parallax_method=\u00bboff\u00bb locked=\u00bboff\u00bb global_colors_info=\u00bb{}\u00bb sticky_transition=\u00bbon\u00bb][\/et_pb_slide][et_pb_slide use_bg_overlay=\u00bbon\u00bb bg_overlay_color=\u00bbrgba(0,0,0,0.7)\u00bb content_last_edited=\u00bboff|desktop\u00bb _builder_version=\u00bb4.19.5&#8243; _module_preset=\u00bbdefault\u00bb background_enable_color=\u00bboff\u00bb background_image=\u00bbhttp:\/\/farsur.com\/wp-content\/uploads\/2023\/02\/fs__slide003.webp\u00bb background_enable_image=\u00bbon\u00bb parallax=\u00bbon\u00bb parallax_method=\u00bboff\u00bb locked=\u00bboff\u00bb global_colors_info=\u00bb{}\u00bb sticky_transition=\u00bbon\u00bb][\/et_pb_slide][et_pb_slide use_bg_overlay=\u00bbon\u00bb bg_overlay_color=\u00bbrgba(0,0,0,0.7)\u00bb content_last_edited=\u00bboff|desktop\u00bb _builder_version=\u00bb4.19.5&#8243; _module_preset=\u00bbdefault\u00bb background_enable_color=\u00bboff\u00bb background_image=\u00bbhttp:\/\/farsur.com\/wp-content\/uploads\/2023\/02\/fs__slide005.webp\u00bb background_enable_image=\u00bbon\u00bb parallax=\u00bbon\u00bb parallax_method=\u00bboff\u00bb locked=\u00bboff\u00bb global_colors_info=\u00bb{}\u00bb sticky_transition=\u00bbon\u00bb][\/et_pb_slide][\/et_pb_fullwidth_slider][\/et_pb_section][et_pb_section fb_built=\u00bb1&#8243; _builder_version=\u00bb4.19.1&#8243; _module_preset=\u00bbdefault\u00bb background_image=\u00bbhttp:\/\/farsur.com\/wp-content\/uploads\/2023\/02\/icon-area-bg.jpg\u00bb custom_padding=\u00bb||142px|||\u00bb da_disable_devices=\u00bboff|off|off\u00bb global_colors_info=\u00bb{}\u00bb da_is_popup=\u00bboff\u00bb da_exit_intent=\u00bboff\u00bb da_has_close=\u00bbon\u00bb da_alt_close=\u00bboff\u00bb da_dark_close=\u00bboff\u00bb da_not_modal=\u00bbon\u00bb da_is_singular=\u00bboff\u00bb da_with_loader=\u00bboff\u00bb da_has_shadow=\u00bbon\u00bb][et_pb_row column_structure=\u00bb1_3,1_3,1_3&#8243; _builder_version=\u00bb4.19.5&#8243; _module_preset=\u00bbdefault\u00bb background_color=\u00bb#181818&#8243; custom_margin=\u00bb-124px|auto|-124px|auto|true|\u00bb custom_padding=\u00bb40px|20px|40px|20px|true|false\u00bb global_colors_info=\u00bb{}\u00bb][et_pb_column type=\u00bb1_3&#8243; _builder_version=\u00bb4.19.1&#8243; _module_preset=\u00bbdefault\u00bb global_colors_info=\u00bb{}\u00bb][et_pb_blurb title=\u00bbFABRICACI\u00d3N Y REPARACI\u00d3N DE HERRAMIENTAS Y PRODUCTOS\u00bb image=\u00bbhttp:\/\/farsur.com\/wp-content\/uploads\/2026\/04\/PETROLERA-2.png\u00bb image_icon_width=\u00bb110px\u00bb _builder_version=\u00bb4.27.5&#8243; _module_preset=\u00bbdefault\u00bb header_font=\u00bbAbel||||||||\u00bb header_text_color=\u00bb#f6bc00&#8243; header_font_size=\u00bb14px\u00bb header_line_height=\u00bb1.2em\u00bb body_font=\u00bbMontserrat|300|||||||\u00bb body_text_align=\u00bbjustify\u00bb body_text_color=\u00bb#FFFFFF\u00bb body_font_size=\u00bb12px\u00bb background_size=\u00bbinitial\u00bb background_position=\u00bbtop_left\u00bb background_repeat=\u00bbrepeat\u00bb image_icon_custom_margin=\u00bb||||false|false\u00bb image_icon_custom_padding=\u00bb10px|10px|10px|10px|true|true\u00bb text_orientation=\u00bbcenter\u00bb background_layout=\u00bbdark\u00bb custom_padding=\u00bb30px|30px|30px|30px\u00bb custom_padding_tablet=\u00bb30px|30px|30px|30px\u00bb custom_padding_phone=\u00bb10px|10px|10px|10px|true|true\u00bb custom_padding_last_edited=\u00bbon|phone\u00bb animation_style=\u00bbzoom\u00bb hover_enabled=\u00bb0&#8243; border_width_all=\u00bb0px\u00bb border_color_all=\u00bb#dddddd\u00bb border_style_all=\u00bbsolid\u00bb border_radii_image=\u00bbon|10px|10px|10px|10px\u00bb border_width_all_image=\u00bb1px\u00bb border_color_all_image=\u00bbrgba(237,240,0,0.04)\u00bb use_border_color=\u00bbon\u00bb border_color=\u00bb#dddddd\u00bb icon_font_size=\u00bb60px\u00bb locked=\u00bboff\u00bb global_colors_info=\u00bb{}\u00bb title_text=\u00bbPETROLERA-2&#8243; sticky_enabled=\u00bb0&#8243;]<\/p>\n<p>FAR SUR fabrica herramientas de perforaci\u00f3n, para el mercado nacional e internacional, de acuerdo a pedidos y especificaciones t\u00e9cnicas de los clientes.<\/p>\n<p>[\/et_pb_blurb][\/et_pb_column][et_pb_column type=\u00bb1_3&#8243; _builder_version=\u00bb4.19.1&#8243; _module_preset=\u00bbdefault\u00bb global_colors_info=\u00bb{}\u00bb][et_pb_blurb title=\u00bbSERVICIOS DE SOLDADURA\u00bb image=\u00bbhttp:\/\/farsur.com\/wp-content\/uploads\/2026\/04\/SOLDADURA-2.png\u00bb image_icon_width=\u00bb110px\u00bb _builder_version=\u00bb4.27.5&#8243; _module_preset=\u00bbdefault\u00bb header_font=\u00bbAbel||||||||\u00bb header_text_color=\u00bb#f6bc00&#8243; header_font_size=\u00bb14px\u00bb header_line_height=\u00bb1.2em\u00bb body_font=\u00bbMontserrat|300|||||||\u00bb body_text_align=\u00bbjustify\u00bb body_text_color=\u00bb#FFFFFF\u00bb body_font_size=\u00bb12px\u00bb background_size=\u00bbinitial\u00bb background_position=\u00bbtop_left\u00bb background_repeat=\u00bbrepeat\u00bb image_icon_custom_margin=\u00bb||||false|false\u00bb image_icon_custom_padding=\u00bb10px|10px|10px|10px|true|true\u00bb text_orientation=\u00bbcenter\u00bb background_layout=\u00bbdark\u00bb custom_padding=\u00bb30px|30px|30px|30px\u00bb custom_padding_tablet=\u00bb30px|30px|30px|30px\u00bb custom_padding_phone=\u00bb10px|10px|10px|10px|true|true\u00bb custom_padding_last_edited=\u00bbon|phone\u00bb animation_style=\u00bbzoom\u00bb hover_enabled=\u00bb0&#8243; border_width_all=\u00bb0px\u00bb border_color_all=\u00bb#dddddd\u00bb border_style_all=\u00bbsolid\u00bb border_radii_image=\u00bbon|10px|10px|10px|10px\u00bb border_width_all_image=\u00bb1px\u00bb border_color_all_image=\u00bbrgba(237,240,0,0.04)\u00bb use_border_color=\u00bbon\u00bb border_color=\u00bb#dddddd\u00bb icon_font_size=\u00bb60px\u00bb locked=\u00bboff\u00bb global_colors_info=\u00bb{}\u00bb title_text=\u00bbSOLDADURA-2&#8243; sticky_enabled=\u00bb0&#8243;]<\/p>\n<p>FAR SUR tiene una amplia experiencia en soldadura para el \u00e1rea petrolera, hemos desarrollado m\u00faltiples trabajos de soldadura en diferentes d\u00edmetros, como en diversos tipos de herramientas de perforaci\u00f3n.<\/p>\n<p>[\/et_pb_blurb][\/et_pb_column][et_pb_column type=\u00bb1_3&#8243; _builder_version=\u00bb4.19.1&#8243; _module_preset=\u00bbdefault\u00bb global_colors_info=\u00bb{}\u00bb][et_pb_blurb title=\u00bbMECANIZADO DE ROSCA\u00bb image=\u00bbhttp:\/\/farsur.com\/wp-content\/uploads\/2026\/04\/ROSCA-2.png\u00bb image_icon_width=\u00bb110px\u00bb _builder_version=\u00bb4.27.5&#8243; _module_preset=\u00bbdefault\u00bb header_font=\u00bbAbel||||||||\u00bb header_text_color=\u00bb#f6bc00&#8243; header_font_size=\u00bb14px\u00bb header_line_height=\u00bb1.2em\u00bb body_font=\u00bbMontserrat|300|||||||\u00bb body_text_align=\u00bbjustify\u00bb body_text_color=\u00bb#FFFFFF\u00bb body_font_size=\u00bb12px\u00bb background_size=\u00bbinitial\u00bb background_position=\u00bbtop_left\u00bb background_repeat=\u00bbrepeat\u00bb image_icon_custom_margin=\u00bb||||false|false\u00bb image_icon_custom_padding=\u00bb10px|10px|10px|10px|true|true\u00bb text_orientation=\u00bbcenter\u00bb background_layout=\u00bbdark\u00bb custom_padding=\u00bb30px|30px|30px|30px\u00bb custom_padding_tablet=\u00bb30px|30px|30px|30px\u00bb custom_padding_phone=\u00bb10px|10px|10px|10px|true|true\u00bb custom_padding_last_edited=\u00bbon|phone\u00bb animation_style=\u00bbzoom\u00bb hover_enabled=\u00bb0&#8243; border_width_all=\u00bb0px\u00bb border_color_all=\u00bb#dddddd\u00bb border_style_all=\u00bbsolid\u00bb border_radii_image=\u00bbon|10px|10px|10px|10px\u00bb border_width_all_image=\u00bb1px\u00bb border_color_all_image=\u00bbrgba(237,240,0,0.04)\u00bb use_border_color=\u00bbon\u00bb border_color=\u00bb#dddddd\u00bb icon_font_size=\u00bb60px\u00bb locked=\u00bboff\u00bb global_colors_info=\u00bb{}\u00bb title_text=\u00bbROSCA-2&#8243; sticky_enabled=\u00bb0&#8243;]<\/p>\n<p>En FAR SUR contamos con especialistas en mecanizado de roscas API, PREMIUM Y ESPECIALES, as\u00ed tambi\u00e9n en la reparaci\u00f3n de las mismas de acuerdo a normas API SPEC-7, 5B, TH HILL.<\/p>\n<p>[\/et_pb_blurb][\/et_pb_column][\/et_pb_row][\/et_pb_section][et_pb_section fb_built=\u00bb1&#8243; admin_label=\u00bbService Section\u00bb _builder_version=\u00bb4.16&#8243; _module_preset=\u00bbdefault\u00bb custom_margin=\u00bb-36px|||||\u00bb custom_padding=\u00bb50px||60px|||\u00bb da_disable_devices=\u00bboff|off|off\u00bb global_colors_info=\u00bb{}\u00bb da_is_popup=\u00bboff\u00bb da_exit_intent=\u00bboff\u00bb da_has_close=\u00bbon\u00bb da_alt_close=\u00bboff\u00bb da_dark_close=\u00bboff\u00bb da_not_modal=\u00bbon\u00bb da_is_singular=\u00bboff\u00bb da_with_loader=\u00bboff\u00bb da_has_shadow=\u00bbon\u00bb][et_pb_row column_structure=\u00bb1_2,1_2&#8243; use_custom_gutter=\u00bbon\u00bb gutter_width=\u00bb2&#8243; admin_label=\u00bbQuote\u00bb _builder_version=\u00bb4.19.1&#8243; _module_preset=\u00bbdefault\u00bb background_size=\u00bbinitial\u00bb background_position=\u00bbtop_left\u00bb background_repeat=\u00bbrepeat\u00bb global_colors_info=\u00bb{}\u00bb][et_pb_column type=\u00bb1_2&#8243; _builder_version=\u00bb4.16&#8243; _module_preset=\u00bbdefault\u00bb custom_padding=\u00bb|||\u00bb global_colors_info=\u00bb{}\u00bb custom_padding__hover=\u00bb|||\u00bb][et_pb_image src=\u00bbhttp:\/\/farsur.com\/wp-content\/uploads\/2023\/03\/farsur22.jpg\u00bb title_text=\u00bbfarsur22&#8243; align=\u00bbright\u00bb _builder_version=\u00bb4.27.5&#8243; _module_preset=\u00bbdefault\u00bb width=\u00bb80%\u00bb custom_padding=\u00bb||0px|||\u00bb box_shadow_style=\u00bbpreset2&#8243; box_shadow_horizontal=\u00bb-36px\u00bb box_shadow_vertical=\u00bb-29px\u00bb box_shadow_blur=\u00bb0px\u00bb box_shadow_spread=\u00bb-6px\u00bb box_shadow_color=\u00bb#f6bc00&#8243; global_colors_info=\u00bb{}\u00bb][\/et_pb_image][\/et_pb_column][et_pb_column type=\u00bb1_2&#8243; _builder_version=\u00bb4.16&#8243; _module_preset=\u00bbdefault\u00bb custom_padding=\u00bb|||\u00bb global_colors_info=\u00bb{}\u00bb custom_padding__hover=\u00bb|||\u00bb][et_pb_text admin_label=\u00bbQuote\u00bb _builder_version=\u00bb4.24.2&#8243; _module_preset=\u00bbdefault\u00bb text_font=\u00bbNunito|300|||||||\u00bb text_text_color=\u00bb#000000&#8243; text_font_size=\u00bb15px\u00bb background_size=\u00bbinitial\u00bb background_position=\u00bbtop_left\u00bb background_repeat=\u00bbrepeat\u00bb text_orientation=\u00bbjustified\u00bb max_width=\u00bb700px\u00bb module_alignment=\u00bbcenter\u00bb animation_style=\u00bbflip\u00bb animation_direction=\u00bbtop\u00bb animation_intensity_flip=\u00bb20%\u00bb global_colors_info=\u00bb{}\u00bb]<\/p>\n<p style=\"text-align: justify;\"><strong>FAR SUR<\/strong> es una empresa de servicio petrolero dedicada a la fabricaci\u00f3n de herramientas de perforaci\u00f3n, fabricaci\u00f3n a pedido de diferentes partes y piezas, maquinado de conexiones, mantenimiento, reparaci\u00f3n y alquiler de herramientas de perforaci\u00f3n.<\/p>\n<p style=\"text-align: justify;\">Est\u00e1 orientada a ofrecer productos y servicios de alta calidad y alta tecnolog\u00eda para satisfacer al m\u00e1ximo los requerimientos de sus clientes.<\/p>\n<div style=\"position: absolute; filter: alpha(opacity=0); opacity: 0.001; z-index: 10;\"><a href=\"https:\/\/www.replicawatchesaustralia.com\/\">replica rolex<\/a><\/div>\n<p>[\/et_pb_text][\/et_pb_column][\/et_pb_row][\/et_pb_section][et_pb_section fb_built=\u00bb1&#8243; admin_label=\u00bbLatest Work Section\u00bb _builder_version=\u00bb4.16&#8243; _module_preset=\u00bbdefault\u00bb background_color=\u00bb#f7f7f7&#8243; custom_padding=\u00bb3px||2px|||\u00bb da_disable_devices=\u00bboff|off|off\u00bb global_colors_info=\u00bb{}\u00bb da_is_popup=\u00bboff\u00bb da_exit_intent=\u00bboff\u00bb da_has_close=\u00bbon\u00bb da_alt_close=\u00bboff\u00bb da_dark_close=\u00bboff\u00bb da_not_modal=\u00bbon\u00bb da_is_singular=\u00bboff\u00bb da_with_loader=\u00bboff\u00bb da_has_shadow=\u00bbon\u00bb][et_pb_row _builder_version=\u00bb4.19.1&#8243; _module_preset=\u00bbdefault\u00bb global_colors_info=\u00bb{}\u00bb][et_pb_column type=\u00bb4_4&#8243; _builder_version=\u00bb4.19.1&#8243; _module_preset=\u00bbdefault\u00bb global_colors_info=\u00bb{}\u00bb][ba_logo_carousel animation_speed=\u00bb600ms\u00bb autoplay_speed=\u00bb900ms\u00bb use_nav=\u00bboff\u00bb slide_count=\u00bb5&#8243; css_transition=\u00bbease-in\u00bb slide_to_scroll=\u00bb4&#8243; is_center=\u00bbon\u00bb center_mode_type=\u00bbhighlighted\u00bb nav_type=\u00bbalongside\u00bb nav_height=\u00bb20px\u00bb nav_width=\u00bb20px\u00bb icon_left=\u00bb&#x44;||divi||400&#8243; icon_right=\u00bb&#x45;||divi||400&#8243; pagi_type=\u00bbnumber\u00bb logo_hover=\u00bbzoom_out\u00bb slide_count_tablet=\u00bb5&#8243; slide_count_phone=\u00bb1&#8243; slide_count_last_edited=\u00bbon|phone\u00bb _builder_version=\u00bb4.19.5&#8243; _module_preset=\u00bbdefault\u00bb global_colors_info=\u00bb{}\u00bb][ba_logo_carousel_child admin_title=\u00bbLOGO-1&#8243; logo=\u00bbhttp:\/\/farsur.com\/wp-content\/uploads\/2023\/02\/dls.jpg\u00bb _builder_version=\u00bb4.19.5&#8243; _module_preset=\u00bbdefault\u00bb global_colors_info=\u00bb{}\u00bb][\/ba_logo_carousel_child][ba_logo_carousel_child admin_title=\u00bbLOGO-2&#8243; logo=\u00bbhttp:\/\/farsur.com\/wp-content\/uploads\/2023\/02\/logo2.jpg\u00bb _builder_version=\u00bb4.19.5&#8243; _module_preset=\u00bbdefault\u00bb global_colors_info=\u00bb{}\u00bb][\/ba_logo_carousel_child][ba_logo_carousel_child admin_title=\u00bbLOGO-3&#8243; logo=\u00bbhttp:\/\/farsur.com\/wp-content\/uploads\/2023\/02\/logo3.jpg\u00bb _builder_version=\u00bb4.19.5&#8243; _module_preset=\u00bbdefault\u00bb global_colors_info=\u00bb{}\u00bb][\/ba_logo_carousel_child][ba_logo_carousel_child admin_title=\u00bbLOGO-4&#8243; logo=\u00bbhttp:\/\/farsur.com\/wp-content\/uploads\/2023\/02\/logo4-1.jpg\u00bb _builder_version=\u00bb4.19.5&#8243; _module_preset=\u00bbdefault\u00bb global_colors_info=\u00bb{}\u00bb][\/ba_logo_carousel_child][ba_logo_carousel_child admin_title=\u00bbLOGO-5&#8243; logo=\u00bbhttp:\/\/farsur.com\/wp-content\/uploads\/2023\/02\/logo10.jpg\u00bb _builder_version=\u00bb4.19.5&#8243; _module_preset=\u00bbdefault\u00bb global_colors_info=\u00bb{}\u00bb][\/ba_logo_carousel_child][ba_logo_carousel_child admin_title=\u00bbLOGO-6&#8243; logo=\u00bbhttp:\/\/farsur.com\/wp-content\/uploads\/2023\/02\/logo11.jpg\u00bb _builder_version=\u00bb4.19.5&#8243; _module_preset=\u00bbdefault\u00bb global_colors_info=\u00bb{}\u00bb][\/ba_logo_carousel_child][ba_logo_carousel_child admin_title=\u00bbLOGO-7&#8243; logo=\u00bbhttp:\/\/farsur.com\/wp-content\/uploads\/2023\/02\/logo12.jpg\u00bb _builder_version=\u00bb4.19.5&#8243; _module_preset=\u00bbdefault\u00bb global_colors_info=\u00bb{}\u00bb][\/ba_logo_carousel_child][ba_logo_carousel_child admin_title=\u00bbLOGO-8&#8243; logo=\u00bbhttp:\/\/farsur.com\/wp-content\/uploads\/2023\/02\/logo14.jpg\u00bb _builder_version=\u00bb4.19.5&#8243; _module_preset=\u00bbdefault\u00bb global_colors_info=\u00bb{}\u00bb][\/ba_logo_carousel_child][ba_logo_carousel_child admin_title=\u00bbLOGO-9&#8243; logo=\u00bbhttp:\/\/farsur.com\/wp-content\/uploads\/2023\/02\/logo16.jpg\u00bb _builder_version=\u00bb4.19.5&#8243; _module_preset=\u00bbdefault\u00bb global_colors_info=\u00bb{}\u00bb][\/ba_logo_carousel_child][ba_logo_carousel_child admin_title=\u00bbLOGO-10&#8243; logo=\u00bbhttp:\/\/farsur.com\/wp-content\/uploads\/2023\/02\/logo25.jpg\u00bb _builder_version=\u00bb4.19.5&#8243; _module_preset=\u00bbdefault\u00bb global_colors_info=\u00bb{}\u00bb][\/ba_logo_carousel_child][\/ba_logo_carousel][\/et_pb_column][\/et_pb_row][\/et_pb_section][et_pb_section fb_built=\u00bb1&#8243; fullwidth=\u00bbon\u00bb _builder_version=\u00bb4.19.1&#8243; _module_preset=\u00bbdefault\u00bb da_disable_devices=\u00bboff|off|off\u00bb global_colors_info=\u00bb{}\u00bb da_is_popup=\u00bboff\u00bb da_exit_intent=\u00bboff\u00bb da_has_close=\u00bbon\u00bb da_alt_close=\u00bboff\u00bb da_dark_close=\u00bboff\u00bb da_not_modal=\u00bbon\u00bb da_is_singular=\u00bboff\u00bb da_with_loader=\u00bboff\u00bb da_has_shadow=\u00bbon\u00bb][et_pb_fullwidth_code _builder_version=\u00bb4.19.1&#8243; _module_preset=\u00bbdefault\u00bb global_colors_info=\u00bb{}\u00bb]<iframe src=\"https:\/\/www.google.com\/maps\/embed?pb=!1m18!1m12!1m3!1d3797.9740435615145!2d-63.24079758568041!3d-17.839851681323392!2m3!1f0!2f0!3f0!3m2!1i1024!2i768!4f13.1!3m3!1m2!1s0x93f1c24f877af511%3A0xc3c44d3f6a6a20b0!2sFAR%20SUR!5e0!3m2!1ses!2sbo!4v1669036515895!5m2!1ses!2sbo\" width=\"100%\" height=\"450\" style=\"border:0;\" allowfullscreen=\"\" loading=\"lazy\" referrerpolicy=\"no-referrer-when-downgrade\"><\/iframe>[\/et_pb_fullwidth_code][\/et_pb_section]<\/p>\n","protected":false},"excerpt":{"rendered":"<p>FAR SUR fabrica herramientas de perforaci\u00f3n, para el mercado nacional e internacional, de acuerdo a pedidos y especificaciones t\u00e9cnicas de los clientes.FAR SUR tiene una amplia experiencia en soldadura para el \u00e1rea petrolera, hemos desarrollado m\u00faltiples trabajos de soldadura en diferentes d\u00edmetros, como en diversos tipos de herramientas de perforaci\u00f3n.En FAR SUR contamos con especialistas [&hellip;]<\/p>\n","protected":false},"author":1,"featured_media":0,"parent":0,"menu_order":0,"comment_status":"closed","ping_status":"closed","template":"","meta":{"_et_pb_use_builder":"on","_et_pb_old_content":"","_et_gb_content_width":"","footnotes":""},"class_list":["post-10","page","type-page","status-publish","hentry"],"_links":{"self":[{"href":"https:\/\/farsur.com\/index.php\/wp-json\/wp\/v2\/pages\/10","targetHints":{"allow":["GET"]}}],"collection":[{"href":"https:\/\/farsur.com\/index.php\/wp-json\/wp\/v2\/pages"}],"about":[{"href":"https:\/\/farsur.com\/index.php\/wp-json\/wp\/v2\/types\/page"}],"author":[{"embeddable":true,"href":"https:\/\/farsur.com\/index.php\/wp-json\/wp\/v2\/users\/1"}],"replies":[{"embeddable":true,"href":"https:\/\/farsur.com\/index.php\/wp-json\/wp\/v2\/comments?post=10"}],"version-history":[{"count":19,"href":"https:\/\/farsur.com\/index.php\/wp-json\/wp\/v2\/pages\/10\/revisions"}],"predecessor-version":[{"id":311,"href":"https:\/\/farsur.com\/index.php\/wp-json\/wp\/v2\/pages\/10\/revisions\/311"}],"wp:attachment":[{"href":"https:\/\/farsur.com\/index.php\/wp-json\/wp\/v2\/media?parent=10"}],"curies":[{"name":"wp","href":"https:\/\/api.w.org\/{rel}","templated":true}]}}