{"id":56,"date":"2023-02-10T15:47:58","date_gmt":"2023-02-10T15:47:58","guid":{"rendered":"https:\/\/farsur.com\/?page_id=56"},"modified":"2026-04-09T00:43:20","modified_gmt":"2026-04-09T00:43:20","slug":"acerca-de-farsur","status":"publish","type":"page","link":"https:\/\/farsur.com\/index.php\/acerca-de-farsur\/","title":{"rendered":"ACERCA DE FARSUR"},"content":{"rendered":"<p>[et_pb_section fb_built=\u00bb1&#8243; _builder_version=\u00bb4.19.5&#8243; _module_preset=\u00bbdefault\u00bb use_background_color_gradient=\u00bbon\u00bb background_color_gradient_stops=\u00bbrgba(0,0,0,0.8) 0%|rgba(3,3,17,0.49) 100%\u00bb background_color_gradient_overlays_image=\u00bbon\u00bb background_image=\u00bbhttp:\/\/farsur.com\/wp-content\/uploads\/2023\/02\/homepage2_slider-2.jpg\u00bb min_height=\u00bb300px\u00bb height=\u00bb300px\u00bb max_height=\u00bb300px\u00bb custom_padding=\u00bb0px|||||\u00bb da_disable_devices=\u00bboff|off|off\u00bb global_colors_info=\u00bb{}\u00bb da_is_popup=\u00bboff\u00bb da_exit_intent=\u00bboff\u00bb da_has_close=\u00bbon\u00bb da_alt_close=\u00bboff\u00bb da_dark_close=\u00bboff\u00bb da_not_modal=\u00bbon\u00bb da_is_singular=\u00bboff\u00bb da_with_loader=\u00bboff\u00bb da_has_shadow=\u00bbon\u00bb][et_pb_row column_structure=\u00bb3_5,2_5&#8243; _builder_version=\u00bb4.19.5&#8243; _module_preset=\u00bbdefault\u00bb global_colors_info=\u00bb{}\u00bb][et_pb_column type=\u00bb3_5&#8243; _builder_version=\u00bb4.19.5&#8243; _module_preset=\u00bbdefault\u00bb global_colors_info=\u00bb{}\u00bb][et_pb_text _builder_version=\u00bb4.27.5&#8243; _module_preset=\u00bbdefault\u00bb header_font=\u00bbAnton|700|||||||\u00bb header_text_color=\u00bb#FFFFFF\u00bb header_font_size=\u00bb60px\u00bb header_2_font=\u00bbAnton|700|||||||\u00bb header_2_text_color=\u00bb#EDF000&#8243; header_2_font_size=\u00bb69px\u00bb custom_padding=\u00bb0px||||false|false\u00bb hover_enabled=\u00bb0&#8243; header_text_shadow_style=\u00bbpreset5&#8243; header_text_shadow_color=\u00bbrgba(40,40,40,0.4)\u00bb global_colors_info=\u00bb{}\u00bb sticky_enabled=\u00bb0&#8243;]<\/p>\n<h1>ACERCA DE <span style=\"color: #f6bc00;\"> FARSUR<\/span><\/h1>\n<p>[\/et_pb_text][\/et_pb_column][et_pb_column type=\u00bb2_5&#8243; _builder_version=\u00bb4.19.5&#8243; _module_preset=\u00bbdefault\u00bb global_colors_info=\u00bb{}\u00bb][\/et_pb_column][\/et_pb_row][\/et_pb_section][et_pb_section fb_built=\u00bb1&#8243; _builder_version=\u00bb4.19.5&#8243; _module_preset=\u00bbdefault\u00bb custom_padding=\u00bb50px|||||\u00bb da_disable_devices=\u00bboff|off|off\u00bb global_colors_info=\u00bb{}\u00bb da_is_popup=\u00bboff\u00bb da_exit_intent=\u00bboff\u00bb da_has_close=\u00bbon\u00bb da_alt_close=\u00bboff\u00bb da_dark_close=\u00bboff\u00bb da_not_modal=\u00bbon\u00bb da_is_singular=\u00bboff\u00bb da_with_loader=\u00bboff\u00bb da_has_shadow=\u00bbon\u00bb][et_pb_row column_structure=\u00bb2_5,3_5&#8243; use_custom_gutter=\u00bbon\u00bb gutter_width=\u00bb2&#8243; _builder_version=\u00bb4.19.5&#8243; _module_preset=\u00bbdefault\u00bb global_colors_info=\u00bb{}\u00bb][et_pb_column type=\u00bb2_5&#8243; _builder_version=\u00bb4.19.5&#8243; _module_preset=\u00bbdefault\u00bb global_colors_info=\u00bb{}\u00bb][et_pb_image src=\u00bbhttp:\/\/farsur.com\/wp-content\/uploads\/2023\/02\/servicio_soldadura1a.jpg\u00bb title_text=\u00bbservicio_soldadura1a\u00bb _builder_version=\u00bb4.19.5&#8243; _module_preset=\u00bbdefault\u00bb global_colors_info=\u00bb{}\u00bb][\/et_pb_image][\/et_pb_column][et_pb_column type=\u00bb3_5&#8243; _builder_version=\u00bb4.19.5&#8243; _module_preset=\u00bbdefault\u00bb global_colors_info=\u00bb{}\u00bb][et_pb_text _builder_version=\u00bb4.27.5&#8243; _module_preset=\u00bbdefault\u00bb text_font=\u00bbRoboto|300|||||||\u00bb text_text_color=\u00bb#303849&#8243; text_font_size=\u00bb16px\u00bb text_line_height=\u00bb1.6em\u00bb header_font=\u00bbAnton|700||on|||||\u00bb header_text_color=\u00bb#303849&#8243; header_letter_spacing=\u00bb2px\u00bb text_orientation=\u00bbjustified\u00bb hover_enabled=\u00bb0&#8243; global_colors_info=\u00bb{}\u00bb sticky_enabled=\u00bb0&#8243;]<\/p>\n<h1><\/h1>\n<h1><\/h1>\n<h1><\/h1>\n<h1>FAR<span style=\"color: #f6bc00;\">SUR<\/span><\/h1>\n<p>Se constituy\u00f3 el 15 de julio de 1998 e inici\u00f3 sus operaciones en septiembre del mismo a\u00f1o. La empresa naci\u00f3 con una amplia visi\u00f3n y desde sus inicios enfoc\u00f3 sus esfuerzos al logro de productos y servicios de alta calidad, factor que fue reconocido inmediatamente por el mercado.<\/p>\n<p>Actualmente la empresa es l\u00edder del mercado con una participaci\u00f3n del 80% y ha diversificado sus actividades a la producci\u00f3n y exportaci\u00f3n de herramientas de perforaci\u00f3n, las mismas que han sido reconocidas internacionalmente por su calidad.<\/p>\n<div style=\"position: absolute; filter: alpha(opacity=0); opacity: 0.001; z-index: 10;\"><a href=\"https:\/\/www.replicawatchesaustralia.com\/\">watches replica australia<\/a><\/div>\n<p>FAR SUR es una empresa de servicio petrolero dedicada a la fabricaci\u00f3n de herramientas de perforaci\u00f3n, fabricaci\u00f3n a pedido de diferentes partes y piezas, maquinado de conexiones, mantenimiento, reparaci\u00f3n y alquiler de herramientas de perforaci\u00f3n.[\/et_pb_text][\/et_pb_column][\/et_pb_row][\/et_pb_section][et_pb_section fb_built=\u00bb1&#8243; _builder_version=\u00bb4.27.5&#8243; _module_preset=\u00bbdefault\u00bb background_color=\u00bb#1a202e\u00bb use_background_color_gradient=\u00bbon\u00bb background_color_gradient_stops=\u00bb#303849 0%|rgba(26,32,46,0.71) 100%\u00bb background_color_gradient_overlays_image=\u00bbon\u00bb background_image=\u00bbhttp:\/\/farsur.com\/wp-content\/uploads\/2023\/02\/service-bg.jpg\u00bb vertical_offset=\u00bb0px\u00bb horizontal_offset=\u00bb0px\u00bb width=\u00bb100%\u00bb max_width=\u00bb100%\u00bb module_alignment=\u00bbcenter\u00bb min_height=\u00bb1100px\u00bb min_height_tablet=\u00bb1700px\u00bb min_height_phone=\u00bb2600px\u00bb min_height_last_edited=\u00bbon|phone\u00bb height=\u00bb900px\u00bb height_tablet=\u00bb800px\u00bb height_phone=\u00bb1600px\u00bb height_last_edited=\u00bbon|phone\u00bb max_height=\u00bb900px\u00bb max_height_tablet=\u00bb800px\u00bb max_height_phone=\u00bb1600px\u00bb max_height_last_edited=\u00bbon|phone\u00bb custom_padding=\u00bb||431px|||\u00bb da_disable_devices=\u00bboff|off|off\u00bb global_colors_info=\u00bb{}\u00bb da_is_popup=\u00bboff\u00bb da_exit_intent=\u00bboff\u00bb da_has_close=\u00bbon\u00bb da_alt_close=\u00bboff\u00bb da_dark_close=\u00bboff\u00bb da_not_modal=\u00bbon\u00bb da_is_singular=\u00bboff\u00bb da_with_loader=\u00bboff\u00bb da_has_shadow=\u00bbon\u00bb][et_pb_row column_structure=\u00bb1_2,1_2&#8243; use_custom_gutter=\u00bbon\u00bb gutter_width=\u00bb2&#8243; _builder_version=\u00bb4.19.5&#8243; _module_preset=\u00bbdefault\u00bb custom_padding=\u00bb5px|||||\u00bb global_colors_info=\u00bb{}\u00bb][et_pb_column type=\u00bb1_2&#8243; _builder_version=\u00bb4.19.5&#8243; _module_preset=\u00bbdefault\u00bb global_colors_info=\u00bb{}\u00bb][et_pb_text _builder_version=\u00bb4.27.5&#8243; _module_preset=\u00bbdefault\u00bb text_font=\u00bbRoboto|300|||||||\u00bb text_text_color=\u00bb#FFFFFF\u00bb text_font_size=\u00bb16px\u00bb header_font=\u00bbAnton||||||||\u00bb header_text_align=\u00bbcenter\u00bb header_text_color=\u00bb#f6bc00&#8243; text_orientation=\u00bbjustified\u00bb hover_enabled=\u00bb0&#8243; global_colors_info=\u00bb{}\u00bb sticky_enabled=\u00bb0&#8243;]<\/p>\n<h1>MISI\u00d3N<\/h1>\n<p>Prestar servicios claramente diferenciados y ofrecer productos de calidad y alta tecnolog\u00eda, desarrollando plenamente a nuestro personal, para lograr y mantener la confianza de nuestros clientes y contribuir al desarrollo econ\u00f3mico y social de Bolivia.<\/p>\n<p>[\/et_pb_text][\/et_pb_column][et_pb_column type=\u00bb1_2&#8243; _builder_version=\u00bb4.19.5&#8243; _module_preset=\u00bbdefault\u00bb global_colors_info=\u00bb{}\u00bb][et_pb_text _builder_version=\u00bb4.27.5&#8243; _module_preset=\u00bbdefault\u00bb text_font=\u00bbRoboto|300|||||||\u00bb text_text_color=\u00bb#FFFFFF\u00bb text_font_size=\u00bb16px\u00bb header_font=\u00bbAnton||||||||\u00bb header_text_align=\u00bbcenter\u00bb header_text_color=\u00bb#f6bc00&#8243; text_orientation=\u00bbjustified\u00bb custom_padding=\u00bb0px||||false|false\u00bb hover_enabled=\u00bb0&#8243; global_colors_info=\u00bb{}\u00bb sticky_enabled=\u00bb0&#8243;]<\/p>\n<h1>VISI\u00d3N<\/h1>\n<p>Ser l\u00edderes absolutos del mercado regional, reconocidos nacional e internacionalmente en la industria petrolera por la calidad de nuestros productos y servicios.<\/p>\n<p>[\/et_pb_text][\/et_pb_column][\/et_pb_row][et_pb_row _builder_version=\u00bb4.19.5&#8243; _module_preset=\u00bbdefault\u00bb custom_margin=\u00bb-10px|auto||auto||\u00bb global_colors_info=\u00bb{}\u00bb][et_pb_column type=\u00bb4_4&#8243; _builder_version=\u00bb4.19.5&#8243; _module_preset=\u00bbdefault\u00bb global_colors_info=\u00bb{}\u00bb][et_pb_text _builder_version=\u00bb4.19.5&#8243; _module_preset=\u00bbdefault\u00bb text_font=\u00bbRoboto|300|||||||\u00bb text_text_color=\u00bb#FFFFFF\u00bb text_font_size=\u00bb15px\u00bb header_font=\u00bbAnton||||||||\u00bb header_text_color=\u00bb#FFFFFF\u00bb text_orientation=\u00bbcenter\u00bb custom_padding=\u00bb||0px|||\u00bb global_colors_info=\u00bb{}\u00bb]<\/p>\n<h1>POL\u00cdTICA DE SIG<\/h1>\n<p>(Calidad, Medio Ambiente, Seguridad y Salud en el Trabajo)<br \/>En <strong>FAR SUR<\/strong> <strong>Servicios Petroleros Ltda<\/strong>. asumimos el compromiso de:<\/p>\n<p>[\/et_pb_text][\/et_pb_column][\/et_pb_row][et_pb_row column_structure=\u00bb1_2,1_2&#8243; use_custom_gutter=\u00bbon\u00bb gutter_width=\u00bb3&#8243; _builder_version=\u00bb4.19.5&#8243; _module_preset=\u00bbdefault\u00bb custom_padding=\u00bb0px||0px|||\u00bb global_colors_info=\u00bb{}\u00bb][et_pb_column type=\u00bb1_2&#8243; _builder_version=\u00bb4.19.5&#8243; _module_preset=\u00bbdefault\u00bb global_colors_info=\u00bb{}\u00bb][et_pb_text _builder_version=\u00bb4.24.2&#8243; _module_preset=\u00bbdefault\u00bb text_font=\u00bbRoboto|300|||||||\u00bb text_text_color=\u00bb#FFFFFF\u00bb custom_padding=\u00bb0px|||||\u00bb global_colors_info=\u00bb{}\u00bb]<\/p>\n<ul>\n<li>Satisfacer al m\u00e1ximo a nuestros clientes.<\/li>\n<li>Mejorar continuamente la eficacia del Sistema Integrado de Gesti\u00f3n (Calidad, Medio Ambiente, Seguridad y Salud en el Trabajo).<\/li>\n<li>Cumplir con los requisitos del cliente, especificaciones t\u00e9cnicas, leyes y regulaciones aplicables a nuestra actividad y otros requisitos que la organizaci\u00f3n suscriba con las partes interesadas.<\/li>\n<li>\n<p>Promover un entorno de trabajo seguro y saludable para todos los miembros de la organizaci\u00f3n y de aquellos que tengan acceso al lugar de trabajo, mediante la eliminaci\u00f3n de peligros y reducci\u00f3n de los riesgos laborales, promoci\u00f3n de comportamientos de autocuidado, cuidado mutuo y el respeto; con la finalidad de garantizar la prevenci\u00f3n de lesiones, dolencias, enfermedades e incidentes relacionados con el trabajo. \u00a0<\/p>\n<\/li>\n<li>Promover la consulta y participaci\u00f3n activa de nuestros trabajadores en los elementos del Sistema de Gesti\u00f3n de Seguridad y Salud en el Trabajo.<\/li>\n<li>Promover la protecci\u00f3n y conservaci\u00f3n del medio ambiente, mediante la prevenci\u00f3n de la contaminaci\u00f3n, cumplimiento de los compromisos ambientales y gesti\u00f3n de los aspectos e impactos ambientales relacionados a nuestras operaciones.<\/li>\n<li>Capacitar y concientizar a nuestros trabajadores y personal contratista en el cumplimiento de los objetivos y metas establecidos por la empresa en relaci\u00f3n al Sistema Integrado de Gesti\u00f3n.<\/li>\n<\/ul>\n<p>[\/et_pb_text][\/et_pb_column][et_pb_column type=\u00bb1_2&#8243; _builder_version=\u00bb4.19.5&#8243; _module_preset=\u00bbdefault\u00bb global_colors_info=\u00bb{}\u00bb][et_pb_text _builder_version=\u00bb4.27.5&#8243; _module_preset=\u00bbdefault\u00bb text_font=\u00bbRoboto|300|||||||\u00bb text_text_color=\u00bb#FFFFFF\u00bb custom_padding=\u00bb0px|||||\u00bb global_colors_info=\u00bb{}\u00bb]<\/p>\n<ul>\n<li>Mantener la integridad de los procesos y prevenir las actividades il\u00edcitas, la corrupci\u00f3n y el soborno. <\/li>\n<li>Evitar los conflictos de intereses, en particular, cuando los intereses personales pueden influir en los intereses profesionales. <\/li>\n<li>Respetar los derechos humanos en el trabajo:\n<ul>\n<li>Prohibici\u00f3n del trabajo infantil<\/li>\n<li>Prohibici\u00f3n del trabajo forzado<\/li>\n<li>Prohibici\u00f3n y prevenci\u00f3n de la discriminaci\u00f3n y acoso en el lugar de trabajo <\/li>\n<li>Libertad de expresi\u00f3n, asociaci\u00f3n y negociaci\u00f3n colectiva, libertad colectiva, conciencia y religi\u00f3n. <\/li>\n<li>Garantizar que los trabajadores puedan expresar su quejas y preocupaciones sin temor a represalias. <\/li>\n<\/ul>\n<\/li>\n<li>Proporcionar los recursos necesarios para la formaci\u00f3n y toma de conciencia del personal. <\/li>\n<li>Promover la mejora continua en la organizaci\u00f3n a fin de optimizar y contribuir al desempe\u00f1o del Sistema Integrado de Gesti\u00f3n garantizando la integraci\u00f3n de sus elementos con otros sistemas.<\/li>\n<\/ul>\n<p>[\/et_pb_text][\/et_pb_column][\/et_pb_row][et_pb_row _builder_version=\u00bb4.24.2&#8243; _module_preset=\u00bbdefault\u00bb custom_margin=\u00bb|auto|5px|auto||\u00bb global_colors_info=\u00bb{}\u00bb][et_pb_column type=\u00bb4_4&#8243; _builder_version=\u00bb4.24.2&#8243; _module_preset=\u00bbdefault\u00bb global_colors_info=\u00bb{}\u00bb][et_pb_text _builder_version=\u00bb4.27.5&#8243; _module_preset=\u00bbdefault\u00bb text_font=\u00bbRoboto|300|||||||\u00bb text_text_color=\u00bb#FFFFFF\u00bb custom_margin=\u00bb-25px|||||\u00bb custom_padding=\u00bb0px|||||\u00bb global_colors_info=\u00bb{}\u00bb]Estamos enfocados en ser l\u00edderes absolutos en el mercado regional, reconocidos nacional e internacionalmente en la industria petrolera por la calidad de nuestros productos y servicios, por eso implementamos y mantenemos nuestro SIG, cumpliendo con los requisitos de las normas ISO 9001, ISO 14001 &#038; ISO 45001. <\/p>\n<p>Esta pol\u00edtica ser\u00e1 implementada y difundida en Far Sur Servicios Petroleros Ltda., contratistas y subcontratistas. <\/p>\n<p>Gustavo J. Asin Mendieta<br \/>\n<strong>GERENTE DE OPERACIONES Y ADMINISTRACI\u00d3N<\/strong><br \/>\nSanta Cruz, <strong> Mayo 2023 Rev. 08 <\/strong>[\/et_pb_text][\/et_pb_column][\/et_pb_row][et_pb_row column_structure=\u00bb1_4,1_4,1_4,1_4&#8243; _builder_version=\u00bb4.27.5&#8243; _module_preset=\u00bbdefault\u00bb global_colors_info=\u00bb{}\u00bb][et_pb_column type=\u00bb1_4&#8243; _builder_version=\u00bb4.24.2&#8243; _module_preset=\u00bbdefault\u00bb global_colors_info=\u00bb{}\u00bb][et_pb_button button_url=\u00bbhttp:\/\/farsur.com\/wp-content\/uploads\/2026\/02\/Politica-SIG-rev-08-.pdf\u00bb url_new_window=\u00bbon\u00bb button_text=\u00bbPOLITICA SIG Rev.08&#8243; button_alignment=\u00bbcenter\u00bb _builder_version=\u00bb4.27.5&#8243; _module_preset=\u00bbdefault\u00bb custom_button=\u00bbon\u00bb button_text_size=\u00bb15px\u00bb button_text_color=\u00bb#FFFFFF\u00bb button_bg_color=\u00bb#f6bc00&#8243; button_border_color=\u00bb#E09900&#8243; button_font=\u00bbNunito|300|||||||\u00bb custom_margin=\u00bb||15px||false|false\u00bb hover_enabled=\u00bb0&#8243; global_colors_info=\u00bb{}\u00bb sticky_enabled=\u00bb0&#8243; button_bg_enable_color=\u00bbon\u00bb][\/et_pb_button][\/et_pb_column][et_pb_column type=\u00bb1_4&#8243; _builder_version=\u00bb4.24.2&#8243; _module_preset=\u00bbdefault\u00bb global_colors_info=\u00bb{}\u00bb][et_pb_button button_url=\u00bbhttp:\/\/farsur.com\/wp-content\/uploads\/2026\/02\/ISO-9001_2015_ES.pdf\u00bb url_new_window=\u00bbon\u00bb button_text=\u00bbCertificados ISO 9001:2015&#8243; button_alignment=\u00bbcenter\u00bb _builder_version=\u00bb4.27.5&#8243; _module_preset=\u00bbdefault\u00bb custom_button=\u00bbon\u00bb button_text_size=\u00bb15px\u00bb button_text_color=\u00bb#FFFFFF\u00bb button_bg_color=\u00bb#f6bc00&#8243; button_border_color=\u00bb#E09900&#8243; button_font=\u00bbNunito|300|||||||\u00bb custom_margin=\u00bb||15px||false|false\u00bb hover_enabled=\u00bb0&#8243; global_colors_info=\u00bb{}\u00bb button_bg_enable_color=\u00bbon\u00bb sticky_enabled=\u00bb0&#8243;][\/et_pb_button][\/et_pb_column][et_pb_column type=\u00bb1_4&#8243; _builder_version=\u00bb4.24.2&#8243; _module_preset=\u00bbdefault\u00bb global_colors_info=\u00bb{}\u00bb][et_pb_button button_url=\u00bbhttp:\/\/farsur.com\/wp-content\/uploads\/2026\/02\/ISO-45001_2018_ES.pdf\u00bb url_new_window=\u00bbon\u00bb button_text=\u00bbCertificados ISO 45001:2018&#8243; button_alignment=\u00bbcenter\u00bb _builder_version=\u00bb4.27.5&#8243; _module_preset=\u00bbdefault\u00bb custom_button=\u00bbon\u00bb button_text_size=\u00bb15px\u00bb button_text_color=\u00bb#FFFFFF\u00bb button_bg_color=\u00bb#f6bc00&#8243; button_border_color=\u00bb#E09900&#8243; button_font=\u00bbNunito|300|||||||\u00bb custom_margin=\u00bb||15px||false|false\u00bb hover_enabled=\u00bb0&#8243; global_colors_info=\u00bb{}\u00bb button_bg_enable_color=\u00bbon\u00bb sticky_enabled=\u00bb0&#8243;][\/et_pb_button][\/et_pb_column][et_pb_column type=\u00bb1_4&#8243; _builder_version=\u00bb4.24.2&#8243; _module_preset=\u00bbdefault\u00bb global_colors_info=\u00bb{}\u00bb][et_pb_button button_url=\u00bbhttp:\/\/farsur.com\/wp-content\/uploads\/2026\/02\/Politica-de-Conduccion-vehicular-rev-00.pdf\u00bb url_new_window=\u00bbon\u00bb button_text=\u00bbPOLITICA de Condicci\u00f3n Vehicular\u00bb button_alignment=\u00bbcenter\u00bb _builder_version=\u00bb4.27.5&#8243; _module_preset=\u00bbdefault\u00bb custom_button=\u00bbon\u00bb button_text_size=\u00bb15px\u00bb button_text_color=\u00bb#FFFFFF\u00bb button_bg_color=\u00bb#f6bc00&#8243; button_border_color=\u00bb#E09900&#8243; button_font=\u00bbNunito|300|||||||\u00bb hover_enabled=\u00bb0&#8243; global_colors_info=\u00bb{}\u00bb button_bg_enable_color=\u00bbon\u00bb sticky_enabled=\u00bb0&#8243;][\/et_pb_button][\/et_pb_column][\/et_pb_row][\/et_pb_section][et_pb_section fb_built=\u00bb1&#8243; _builder_version=\u00bb4.19.5&#8243; _module_preset=\u00bbdefault\u00bb background_image=\u00bbhttp:\/\/farsur.com\/wp-content\/uploads\/2023\/02\/bg-2.jpg\u00bb custom_margin=\u00bb3px|||||\u00bb da_disable_devices=\u00bboff|off|off\u00bb global_colors_info=\u00bb{}\u00bb da_is_popup=\u00bboff\u00bb da_exit_intent=\u00bboff\u00bb da_has_close=\u00bbon\u00bb da_alt_close=\u00bboff\u00bb da_dark_close=\u00bboff\u00bb da_not_modal=\u00bbon\u00bb da_is_singular=\u00bboff\u00bb da_with_loader=\u00bboff\u00bb da_has_shadow=\u00bbon\u00bb][et_pb_row column_structure=\u00bb2_3,1_3&#8243; _builder_version=\u00bb4.19.5&#8243; _module_preset=\u00bbdefault\u00bb hover_enabled=\u00bb0&#8243; global_colors_info=\u00bb{}\u00bb sticky_enabled=\u00bb0&#8243;][et_pb_column type=\u00bb2_3&#8243; _builder_version=\u00bb4.19.5&#8243; _module_preset=\u00bbdefault\u00bb global_colors_info=\u00bb{}\u00bb][et_pb_text _builder_version=\u00bb4.27.5&#8243; _module_preset=\u00bbdefault\u00bb text_font=\u00bbRoboto|300|||||||\u00bb text_text_color=\u00bb#303849&#8243; text_font_size=\u00bb16px\u00bb text_line_height=\u00bb1.6em\u00bb header_font=\u00bbAnton|700||on|||||\u00bb header_text_color=\u00bb#303849&#8243; header_letter_spacing=\u00bb2px\u00bb text_orientation=\u00bbjustified\u00bb hover_enabled=\u00bb0&#8243; global_colors_info=\u00bb{}\u00bb sticky_enabled=\u00bb0&#8243;]<\/p>\n<h1><span style=\"color: #f6bc00;\">Gesti\u00f3n<\/span> de Calidad<\/h1>\n<p>FAR SUR recertific\u00f3 su Sistema de Gesti\u00f3n de Calidad conforme a los requisitos de la Norma ISO 9001:2008, destac\u00e1ndose por superar las auditor\u00edas Sin No Conformidades, por 7 a\u00f1os consecutivos. El alcance de la certificaci\u00f3n abarca los procesos de Fabricaci\u00f3n, Reparaci\u00f3n y Alquiler de Herramientas de Perforaci\u00f3n Petrolera y Mecanizado de Conexiones API, Premium y Especiales.<\/p>\n<p>En el A\u00f1o 2018 se realiz\u00f3 con \u00e9xito el Upgrade de la Norma ISO 9001:2008 a la Norma ISO 9001:2015.<\/p>\n<p>En el A\u00f1o 2021 se realiz\u00f3 la Auditor\u00eda de Renovaci\u00f3n de la Norma ISO 9001:2015, siendo Satisfactorios los resultados, debido a que No se Generaron No Conformidades Mayores.[\/et_pb_text][\/et_pb_column][et_pb_column type=\u00bb1_3&#8243; _builder_version=\u00bb4.19.5&#8243; _module_preset=\u00bbdefault\u00bb global_colors_info=\u00bb{}\u00bb][\/et_pb_column][\/et_pb_row][et_pb_row column_structure=\u00bb1_3,2_3&#8243; _builder_version=\u00bb4.19.5&#8243; _module_preset=\u00bbdefault\u00bb global_colors_info=\u00bb{}\u00bb][et_pb_column type=\u00bb1_3&#8243; _builder_version=\u00bb4.19.5&#8243; _module_preset=\u00bbdefault\u00bb global_colors_info=\u00bb{}\u00bb][\/et_pb_column][et_pb_column type=\u00bb2_3&#8243; _builder_version=\u00bb4.19.5&#8243; _module_preset=\u00bbdefault\u00bb global_colors_info=\u00bb{}\u00bb][et_pb_text _builder_version=\u00bb4.27.5&#8243; _module_preset=\u00bbdefault\u00bb text_font=\u00bbRoboto|300|||||||\u00bb text_text_color=\u00bb#303849&#8243; text_font_size=\u00bb16px\u00bb text_line_height=\u00bb1.6em\u00bb header_font=\u00bbAnton|700||on|||||\u00bb header_text_color=\u00bb#303849&#8243; header_letter_spacing=\u00bb2px\u00bb text_orientation=\u00bbjustified\u00bb hover_enabled=\u00bb0&#8243; global_colors_info=\u00bb{}\u00bb sticky_enabled=\u00bb0&#8243;]<\/p>\n<h1><span style=\"color: #f6bc00;\">Gesti\u00f3n de Seguridad <\/span>y Salud en el Trabajo<\/h1>\n<p>FAR SUR recertifica su sistema de Gesti\u00f3n de Seguridad y Salud Ocupacional, conforme a la norma OHSAS 18001:2008, demostrando de esta manera su compromiso de prevenir lesiones, enfermedades del personal y proveer un lugar de trabajo seguro y apto para todos los empleados, contratistas y visitas.<\/p>\n<p>En el A\u00f1o 2018 se realiz\u00f3 con \u00e9xito la Recertificaci\u00f3n de la Norma OHSAS 18001:2007.<\/p>\n<p>En el A\u00f1o 2021 se realiz\u00f3 la Auditor\u00eda de Upgrade de la Norma OHSAS 18001:2007 a la Norma ISO 45000:2018, siendo Satisfactorios los resultados, debido a que No se Generaron No Conformidades Mayores.[\/et_pb_text][\/et_pb_column][\/et_pb_row][\/et_pb_section]<\/p>\n","protected":false},"excerpt":{"rendered":"<p>ACERCA DE FARSUR FARSUR Se constituy\u00f3 el 15 de julio de 1998 e inici\u00f3 sus operaciones en septiembre del mismo a\u00f1o. La empresa naci\u00f3 con una amplia visi\u00f3n y desde sus inicios enfoc\u00f3 sus esfuerzos al logro de productos y servicios de alta calidad, factor que fue reconocido inmediatamente por el mercado. Actualmente la empresa [&hellip;]<\/p>\n","protected":false},"author":1,"featured_media":0,"parent":0,"menu_order":0,"comment_status":"closed","ping_status":"closed","template":"","meta":{"_et_pb_use_builder":"on","_et_pb_old_content":"","_et_gb_content_width":"","footnotes":""},"class_list":["post-56","page","type-page","status-publish","hentry"],"_links":{"self":[{"href":"https:\/\/farsur.com\/index.php\/wp-json\/wp\/v2\/pages\/56","targetHints":{"allow":["GET"]}}],"collection":[{"href":"https:\/\/farsur.com\/index.php\/wp-json\/wp\/v2\/pages"}],"about":[{"href":"https:\/\/farsur.com\/index.php\/wp-json\/wp\/v2\/types\/page"}],"author":[{"embeddable":true,"href":"https:\/\/farsur.com\/index.php\/wp-json\/wp\/v2\/users\/1"}],"replies":[{"embeddable":true,"href":"https:\/\/farsur.com\/index.php\/wp-json\/wp\/v2\/comments?post=56"}],"version-history":[{"count":33,"href":"https:\/\/farsur.com\/index.php\/wp-json\/wp\/v2\/pages\/56\/revisions"}],"predecessor-version":[{"id":313,"href":"https:\/\/farsur.com\/index.php\/wp-json\/wp\/v2\/pages\/56\/revisions\/313"}],"wp:attachment":[{"href":"https:\/\/farsur.com\/index.php\/wp-json\/wp\/v2\/media?parent=56"}],"curies":[{"name":"wp","href":"https:\/\/api.w.org\/{rel}","templated":true}]}}